{"id":277,"date":"2008-09-23T16:48:57","date_gmt":"2008-09-23T14:48:57","guid":{"rendered":"http:\/\/dev-cp.gambio-shop.de\/?page_id=2"},"modified":"2010-11-23T12:38:10","modified_gmt":"2010-11-23T12:38:10","slug":"ueber","status":"publish","type":"page","link":"https:\/\/www.gambio.de\/blog\/ueber\/","title":{"rendered":"Impressum"},"content":{"rendered":"<p><strong>Verantwortlich f\u00fcr den Inhalt gem\u00e4\u00df \u00a7 6 TDG \/ \u00a7 6 MDStV: <\/strong><\/p>\n<p><strong>Anschrift &amp; Kontaktdaten<\/strong><\/p>\n<p>Gambio GmbH<br \/>\nParallelweg 30<br \/>\nD-28219 Bremen<br \/>\nGermany<\/p>\n<p>Tel.: 0421 &#8211; 22 34 678<br \/>\nFax: 0441 &#8211; 20 50 36 69<br \/>\nEmail: <a href=\"mailto:info@gambio.de\">info@gambio.de<\/a><br \/>\nWeb: <a href=\"https:\/\/www.gambio.de\">www.gambio.de<\/a><\/p>\n<p><strong>Gesch\u00e4ftsf\u00fchrer &amp; Handelsregister <\/strong><\/p>\n<p>Daniel Schnadt<br \/>\nNonito Capuno<\/p>\n<p>HRB 26426 HB<br \/>\nAmtsgericht Bremen<\/p>\n<p><strong>Umsatzsteuer-Identifikationsnummer <\/strong><\/p>\n<p>DE263776189<\/p>\n<p><strong><br \/>\n<\/strong><\/p>\n","protected":false},"excerpt":{"rendered":"<p>Verantwortlich f\u00fcr den Inhalt gem\u00e4\u00df \u00a7 6 TDG \/ \u00a7 6 MDStV: Anschrift &amp; Kontaktdaten Gambio GmbH Parallelweg 30 D-28219 Bremen Germany Tel.: 0421 &#8211; 22 34 678 Fax: 0441 &#8211; 20 50 36 69 Email: info@gambio.de Web: www.gambio.de Gesch\u00e4ftsf\u00fchrer &amp; Handelsregister Daniel Schnadt Nonito Capuno HRB 26426 HB Amtsgericht Bremen Umsatzsteuer-Identifikationsnummer DE263776189<\/p>\n","protected":false},"author":3,"featured_media":0,"parent":0,"menu_order":0,"comment_status":"open","ping_status":"open","template":"","meta":{"footnotes":""},"class_list":["post-277","page","type-page","status-publish","hentry"],"_links":{"self":[{"href":"https:\/\/www.gambio.de\/blog\/wp-json\/wp\/v2\/pages\/277","targetHints":{"allow":["GET"]}}],"collection":[{"href":"https:\/\/www.gambio.de\/blog\/wp-json\/wp\/v2\/pages"}],"about":[{"href":"https:\/\/www.gambio.de\/blog\/wp-json\/wp\/v2\/types\/page"}],"author":[{"embeddable":true,"href":"https:\/\/www.gambio.de\/blog\/wp-json\/wp\/v2\/users\/3"}],"replies":[{"embeddable":true,"href":"https:\/\/www.gambio.de\/blog\/wp-json\/wp\/v2\/comments?post=277"}],"version-history":[{"count":2,"href":"https:\/\/www.gambio.de\/blog\/wp-json\/wp\/v2\/pages\/277\/revisions"}],"predecessor-version":[{"id":369,"href":"https:\/\/www.gambio.de\/blog\/wp-json\/wp\/v2\/pages\/277\/revisions\/369"}],"wp:attachment":[{"href":"https:\/\/www.gambio.de\/blog\/wp-json\/wp\/v2\/media?parent=277"}],"curies":[{"name":"wp","href":"https:\/\/api.w.org\/{rel}","templated":true}]}}